{"id":6689,"date":"2018-10-18T15:29:17","date_gmt":"2018-10-18T13:29:17","guid":{"rendered":"http:\/\/www.lauba.hr\/about\/"},"modified":"2023-02-01T15:02:15","modified_gmt":"2023-02-01T14:02:15","slug":"about","status":"publish","type":"page","link":"https:\/\/www.lauba.hr\/en\/about\/","title":{"rendered":"About"},"content":{"rendered":"<section class=\"wpb-content-wrapper\"><p>[vc_row row_content_width=&#8221;grid&#8221; css=&#8221;.vc_custom_1539934908096{padding-top: 41px !important;padding-bottom: 65px !important;}&#8221;][vc_column]<div class=\"eltdf-elements-holder   eltdf-one-column  eltdf-responsive-mode-768 \" ><div class=\"eltdf-eh-item    \"  data-item-class=\"eltdf-eh-custom-4311\" data-1025-1366=\"0 430px 0 0\" data-769-1024=\"0 220px 0 0\" data-681-768=\"0 50px 0 0\" data-680=\"0 0px 0 0\">\n\t<div class=\"eltdf-eh-item-inner\">\n\t\t<div class=\"eltdf-eh-item-content eltdf-eh-custom-4311\" style=\"padding: 0 620px 0 0\">\n\t\t\t[vc_column_text]<\/p>\n<h2><b> Lauba is the house for people and art which produces contemporary, cultural, urban contents. <\/b><\/h2>\n<p>[\/vc_column_text]\t\t<\/div>\n\t<\/div>\n<\/div><\/div>[\/vc_column][\/vc_row][vc_row row_content_width=&#8221;grid&#8221;][vc_column]<div class=\"eltdf-background-text eltdf-align-right eltdf-no-rotate\" style=\"left: 30%;font-size: 274px\"\n     id=\"eltdf-background-text-478\" data-item-class=\"bkgText-1496\" data-font-size-1600=\"240px\" data-font-size-1366=\"220px\" data-font-size-1024=\"204px\" data-font-size-768=\"204px\" data-font-size-680=\"136px\" data-horizontal-offset-1600=\"150px\" data-horizontal-offset-1366=\"292px\" data-horizontal-offset-1024=\"350px\" data-horizontal-offset-768=\"157px\" data-horizontal-offset-680=\"62px\" data-vertical-offset-1024=\"19px\" data-vertical-offset-768=\"19px\" data-vertical-offset-680=\"24px\">\n    <div class=\"eltdf-background-text-inner\">\n\t\tHouse    <\/div>\n<\/div>\n[\/vc_column][\/vc_row][vc_row row_content_width=&#8221;grid&#8221; css=&#8221;.vc_custom_1675260035798{padding-top: 48px !important;padding-bottom: 50px !important;}&#8221;][vc_column]<div class=\"eltdf-single-image-holder   \">\n    <div class=\"eltdf-si-inner\" >\n                                    <img loading=\"lazy\" decoding=\"async\" width=\"1300\" height=\"661\" src=\"https:\/\/lauba.hr\/wp-content\/uploads\/2019\/02\/o-nama-il.jpg\" class=\"attachment-full size-full\" alt=\"\" srcset=\"https:\/\/lauba.hr\/wp-content\/uploads\/2019\/02\/o-nama-il.jpg 1300w, https:\/\/lauba.hr\/wp-content\/uploads\/2019\/02\/o-nama-il-300x153.jpg 300w, https:\/\/lauba.hr\/wp-content\/uploads\/2019\/02\/o-nama-il-768x390.jpg 768w, https:\/\/lauba.hr\/wp-content\/uploads\/2019\/02\/o-nama-il-1024x521.jpg 1024w\" sizes=\"auto, (max-width: 1300px) 100vw, 1300px\" \/>                        <\/div>\n<\/div>[\/vc_column][\/vc_row][vc_row row_content_width=&#8221;grid&#8221; css=&#8221;.vc_custom_1675260061173{padding-bottom: 0px !important;}&#8221;][vc_column][vc_column_text]Lauba is the loudest urban point in the city dedicated to the production of urban, cultural and contemporary contents. Our activities are art production, organization of art projects in the field of contemporary art, event management, art trading, fundraising and marketing activities.<\/p>\n<p>In the entrance area, there is an all day bar \u201eBez naziva\u201c as a place of gathering and exchange.<\/p>\n<p>The space for rent and art installation is called \u201ePlayground\u201c.<span class=\"Apple-converted-space\">\u00a0<\/span><\/p>\n<p>For any FAQ contact us at <a href=\"mailto:info@lauba.hr\">info@lauba.hr<\/a>[\/vc_column_text][\/vc_column][\/vc_row][vc_row row_content_width=&#8221;grid&#8221;][vc_column]<div class=\"eltdf-background-text eltdf-align-right eltdf-no-rotate\" style=\"color:#0a0a0a;left: 26.5%;top: 150px;font-size: 274px\"\n     id=\"eltdf-background-text-444\" data-item-class=\"bkgText-1777\" data-font-size-1600=\"240px\" data-font-size-1366=\"220px\" data-font-size-1024=\"204px\" data-font-size-768=\"204px\" data-font-size-680=\"136px\" data-horizontal-offset-1600=\"188px\" data-horizontal-offset-1366=\"194px\" data-horizontal-offset-1024=\"337px\" data-horizontal-offset-768=\"128px\" data-horizontal-offset-680=\"125px\" data-vertical-offset-1600=\"617px\" data-vertical-offset-1366=\"590px\" data-vertical-offset-1024=\"483px\" data-vertical-offset-768=\"991px\" data-vertical-offset-680=\"764px\">\n    <div class=\"eltdf-background-text-inner\">\n\t\t1910.    <\/div>\n<\/div>\n[\/vc_column][\/vc_row][vc_row css=&#8221;.vc_custom_1542106539301{padding-top: 105px !important;}&#8221;][vc_column width=&#8221;1\/3&#8243;]<div class=\"eltdf-single-image-holder   \">\n    <div class=\"eltdf-si-inner\" >\n                                    <img loading=\"lazy\" decoding=\"async\" width=\"1085\" height=\"833\" src=\"https:\/\/lauba.hr\/wp-content\/uploads\/2019\/02\/arhitektura.jpg\" class=\"attachment-full size-full\" alt=\"\" srcset=\"https:\/\/lauba.hr\/wp-content\/uploads\/2019\/02\/arhitektura.jpg 1085w, https:\/\/lauba.hr\/wp-content\/uploads\/2019\/02\/arhitektura-300x230.jpg 300w, https:\/\/lauba.hr\/wp-content\/uploads\/2019\/02\/arhitektura-768x590.jpg 768w, https:\/\/lauba.hr\/wp-content\/uploads\/2019\/02\/arhitektura-1024x786.jpg 1024w\" sizes=\"auto, (max-width: 1085px) 100vw, 1085px\" \/>                        <\/div>\n<\/div>[\/vc_column][vc_column width=&#8221;2\/3&#8243;]<div class=\"eltdf-elements-holder   eltdf-one-column  eltdf-responsive-mode-768 \" ><div class=\"eltdf-eh-item  eltdf-vertical-alignment-top  \"  data-item-class=\"eltdf-eh-custom-3246\">\n\t<div class=\"eltdf-eh-item-inner\">\n\t\t<div class=\"eltdf-eh-item-content eltdf-eh-custom-3246\" style=\"padding: 0 48px 0 48px\">\n\t\t\t[vc_column_text]<\/p>\n<h4>Architecture<\/h4>\n<p>The beginnings of Lauba date back to 1910 when it was designed by the construction company Emil Eisner and Adolf Ehrlich. At that time, she served as a horse riding arena within the military complex of the Austro-Hungarian army, and later became the textile factory of the Zagreb Textile Combine, which operated until 2008.<\/p>\n<p>These days Lauba is the only well-preserved building from the military complex. Since it is a protected cultural monument, it has been adapted in such a way that valuable historical features have been preserved. The space is a reflection of the contrast of its own purposes: the compact cube is intended for business activities that take place within Lauba, while flexible free space is used for various cultural activities (exhibitions, performances, screenings, etc.).<\/p>\n<p>The story of the building as it is today began after an architectural open call held in March 2007, in which a project was selected to be signed by an architectural trio led by Alenka Ga\u010di\u0107-Pojatina, in collaboration with Branka Petkovi\u0107 and Ana Krstulovi\u0107. Morana Vlahovi\u0107 later took over the interior design.[\/vc_column_text]\t\t<\/div>\n\t<\/div>\n<\/div><\/div>[\/vc_column][\/vc_row][vc_row][vc_column][vc_empty_space][\/vc_column][\/vc_row][vc_row css=&#8221;.vc_custom_1675260088397{margin-bottom: 0px !important;padding-bottom: 0px !important;}&#8221;][vc_column][vc_video align=&#8221;center&#8221;][\/vc_column][\/vc_row]<\/p>\n<\/section>","protected":false},"excerpt":{"rendered":"<p>[vc_row row_content_width=&#8221;grid&#8221; css=&#8221;.vc_custom_1539934908096{padding-top: 41px !important;padding-bottom: 65px !important;}&#8221;][vc_column][\/vc_column][\/vc_row][vc_row row_content_width=&#8221;grid&#8221;][vc_column][\/vc_column][\/vc_row][vc_row row_content_width=&#8221;grid&#8221; css=&#8221;.vc_custom_1675260035798{padding-top: 48px !important;padding-bottom: 50px !important;}&#8221;][vc_column][\/vc_column][\/vc_row][vc_row row_content_width=&#8221;grid&#8221; css=&#8221;.vc_custom_1675260061173{padding-bottom: 0px !important;}&#8221;][vc_column][vc_column_text]Lauba is the loudest urban point in the city dedicated to the production of urban, cultural and contemporary contents. Our activities are art production, organization of art projects in the field of contemporary art, event management, art trading, fundraising and marketing activities. In the entrance area, [&hellip;]<\/p>\n","protected":false},"author":1,"featured_media":0,"parent":0,"menu_order":0,"comment_status":"closed","ping_status":"closed","template":"full-width.php","meta":{"footnotes":""},"class_list":["post-6689","page","type-page","status-publish","hentry"],"_links":{"self":[{"href":"https:\/\/www.lauba.hr\/en\/wp-json\/wp\/v2\/pages\/6689","targetHints":{"allow":["GET"]}}],"collection":[{"href":"https:\/\/www.lauba.hr\/en\/wp-json\/wp\/v2\/pages"}],"about":[{"href":"https:\/\/www.lauba.hr\/en\/wp-json\/wp\/v2\/types\/page"}],"author":[{"embeddable":true,"href":"https:\/\/www.lauba.hr\/en\/wp-json\/wp\/v2\/users\/1"}],"replies":[{"embeddable":true,"href":"https:\/\/www.lauba.hr\/en\/wp-json\/wp\/v2\/comments?post=6689"}],"version-history":[{"count":8,"href":"https:\/\/www.lauba.hr\/en\/wp-json\/wp\/v2\/pages\/6689\/revisions"}],"predecessor-version":[{"id":8554,"href":"https:\/\/www.lauba.hr\/en\/wp-json\/wp\/v2\/pages\/6689\/revisions\/8554"}],"wp:attachment":[{"href":"https:\/\/www.lauba.hr\/en\/wp-json\/wp\/v2\/media?parent=6689"}],"curies":[{"name":"wp","href":"https:\/\/api.w.org\/{rel}","templated":true}]}}